{"id":59,"date":"2019-02-02T21:49:05","date_gmt":"2019-02-02T21:49:05","guid":{"rendered":"http:\/\/officesturm.ch\/?page_id=59"},"modified":"2019-04-29T15:02:31","modified_gmt":"2019-04-29T15:02:32","slug":"dienstleistungen","status":"publish","type":"page","link":"http:\/\/officesturm.ch\/index.php\/dienstleistungen\/","title":{"rendered":"Dienstleistungen"},"content":{"rendered":"\r\n<p><strong>Massgeschneiderte L\u00f6sungen<br \/><\/strong>Wir unterst\u00fctzen Sie auf Ihre individuellen Bed\u00fcrfnisse abgestimmt, vor Ort selbst oder von unserem Domizil aus, als Ferien-\/ Krankheitsvertretung oder f\u00fcr unbestimmte Zeit. <br \/><br \/>Unsere Dienstleistungen auf einen Blick: <br \/><br \/><strong>Administration<br \/><\/strong>&#8211; S\u00e4mtliche administrative B\u00fcroarbeiten inkl. Korrespondenz<br \/>&#8211; Offerten und Fakturierungen<br \/>&#8211; Telefondienst<br \/>&#8211; Archivwesen<br \/>&#8211; Krank- und Ferienvertretungen<br \/><br \/><strong>Buchhaltung\/Rechnungswesen<br \/><\/strong>&#8211; Professionelle Buchhaltung mit der bew\u00e4hrten KMU-Business-<br \/>\u00a0\u00a0\u00a0 Software Sage<br \/>&#8211; Debitoren-\/Kreditorenbuchhaltung<br \/>&#8211; Mahnwesen<br \/>&#8211; Lohnbuchhaltung<br \/>&#8211; Steuererkl\u00e4rungen<br \/><br \/><strong>Immobilienverwaltung<br \/><\/strong>&#8211; S\u00e4mtliche Arbeiten rund um Ihre Immobilie<br \/>&#8211; Abwicklung von Mietvertr\u00e4gen inkl. Heizkostenabrechnung etc.<br \/>&#8211; Liegenschaftsbuchhaltung<br \/><br \/><strong>EDV-Projektplanung<br \/><\/strong>&#8211; EDV-Projekte (Fachmann f\u00fcr Winbau-Software) <br \/>&#8211; Situationsanalyse\/Evaluierung, Projektplanung und -umsetzung<br \/>&#8211; Dateneingabe, Testl\u00e4ufe etc. <br \/><br \/><strong>Baumanagement<br \/><\/strong>&#8211; Beratung in Umbau-Projekten<br \/>&#8211; Bauherrenvertretung gegen\u00fcber Architekten und Handwerkern<br \/>&#8211; Baukostenkontrolle (Offert-, Rechnungs- und Abrechnungs-<br \/>\u00a0\u00a0\u00a0 Kontrolle)<br \/>&#8211; Bau-Dokumentation inkl. Fotos<\/p>\r\n","protected":false},"excerpt":{"rendered":"<p>Massgeschneiderte L\u00f6sungenWir unterst\u00fctzen Sie auf Ihre individuellen Bed\u00fcrfnisse abgestimmt, vor Ort selbst oder von unserem Domizil aus, als Ferien-\/ Krankheitsvertretung oder f\u00fcr unbestimmte Zeit. Unsere Dienstleistungen auf einen Blick: Administration&#8211; S\u00e4mtliche administrative B\u00fcroarbeiten inkl. Korrespondenz&#8211; Offerten und Fakturierungen&#8211; Telefondienst&#8211; Archivwesen&#8211; Krank- und Ferienvertretungen Buchhaltung\/Rechnungswesen&#8211; Professionelle Buchhaltung mit der bew\u00e4hrten KMU-Business-\u00a0\u00a0\u00a0 Software Sage&#8211; Debitoren-\/Kreditorenbuchhaltung&#8211; Mahnwesen&#8211; Lohnbuchhaltung&#8211; &hellip; <\/p>\n<p class=\"link-more\"><a href=\"http:\/\/officesturm.ch\/index.php\/dienstleistungen\/\" class=\"more-link\"><span class=\"screen-reader-text\">\u201eDienstleistungen\u201c<\/span> weiterlesen<\/a><\/p>\n","protected":false},"author":1,"featured_media":0,"parent":0,"menu_order":0,"comment_status":"closed","ping_status":"closed","template":"","meta":[],"_links":{"self":[{"href":"http:\/\/officesturm.ch\/index.php\/wp-json\/wp\/v2\/pages\/59"}],"collection":[{"href":"http:\/\/officesturm.ch\/index.php\/wp-json\/wp\/v2\/pages"}],"about":[{"href":"http:\/\/officesturm.ch\/index.php\/wp-json\/wp\/v2\/types\/page"}],"author":[{"embeddable":true,"href":"http:\/\/officesturm.ch\/index.php\/wp-json\/wp\/v2\/users\/1"}],"replies":[{"embeddable":true,"href":"http:\/\/officesturm.ch\/index.php\/wp-json\/wp\/v2\/comments?post=59"}],"version-history":[{"count":8,"href":"http:\/\/officesturm.ch\/index.php\/wp-json\/wp\/v2\/pages\/59\/revisions"}],"predecessor-version":[{"id":162,"href":"http:\/\/officesturm.ch\/index.php\/wp-json\/wp\/v2\/pages\/59\/revisions\/162"}],"wp:attachment":[{"href":"http:\/\/officesturm.ch\/index.php\/wp-json\/wp\/v2\/media?parent=59"}],"curies":[{"name":"wp","href":"https:\/\/api.w.org\/{rel}","templated":true}]}}