{"id":54,"date":"2019-02-02T21:41:08","date_gmt":"2019-02-02T21:41:08","guid":{"rendered":"http:\/\/officesturm.ch\/?page_id=54"},"modified":"2019-04-29T15:00:46","modified_gmt":"2019-04-29T15:00:46","slug":"ueber-uns","status":"publish","type":"page","link":"http:\/\/officesturm.ch\/index.php\/ueber-uns\/","title":{"rendered":"\u00dcber uns"},"content":{"rendered":"\r\n<p><a id=\"set-post-thumbnail\" class=\"thickbox\" href=\"http:\/\/officesturm.ch\/wp-admin\/media-upload.php?post_id=54&amp;type=image&amp;TB_iframe=1\" aria-describedby=\"set-post-thumbnail-desc\"><img loading=\"lazy\" class=\"attachment-280x280  alignleft\" src=\"http:\/\/officesturm.ch\/wp-content\/uploads\/2019\/04\/Passfoto.png\" alt=\"\" width=\"152\" height=\"195\" \/><\/a><br \/><br \/><br \/><br \/><br \/><\/p>\r\n<p><br \/>Christoph Sturm<br \/>Gesellschafter und Gesch\u00e4ftsleiter<\/p>\r\n<p>Mit meinem kaufm\u00e4nnischen und handwerklichen Hintergrund verf\u00fcge ich \u00fcber umfangreiche Erfahrungen und Kenntnisse, von denen meine Kunden bei der Beratung und Betreuung profitieren. <br \/><br \/><strong>Mein Lebenslauf in K\u00fcrze<br \/><\/strong>Nach der KV-Lehre bildete ich mich in Unternehmensf\u00fchrung weiter und hatte leitende Positionen bei Fachbetrieben f\u00fcr Plattenarbeiten inne. Zur Erg\u00e4nzung meines Backgrounds absolvierte ich die Lehre zum Plattenleger sowie das eidg. Diplom als Plattenlegermeister. Anfangs 2014 gr\u00fcndete ich mein eigenes Unternehmen, Sturm Office GmbH, und betreue KMUs aus verschiedenen Branchen wie auch Privatpersonen.<\/p>\r\n","protected":false},"excerpt":{"rendered":"<p>Christoph SturmGesellschafter und Gesch\u00e4ftsleiter Mit meinem kaufm\u00e4nnischen und handwerklichen Hintergrund verf\u00fcge ich \u00fcber umfangreiche Erfahrungen und Kenntnisse, von denen meine Kunden bei der Beratung und Betreuung profitieren. Mein Lebenslauf in K\u00fcrzeNach der KV-Lehre bildete ich mich in Unternehmensf\u00fchrung weiter und hatte leitende Positionen bei Fachbetrieben f\u00fcr Plattenarbeiten inne. Zur Erg\u00e4nzung meines Backgrounds absolvierte ich die &hellip; <\/p>\n<p class=\"link-more\"><a href=\"http:\/\/officesturm.ch\/index.php\/ueber-uns\/\" class=\"more-link\"><span class=\"screen-reader-text\">\u201e\u00dcber uns\u201c<\/span> weiterlesen<\/a><\/p>\n","protected":false},"author":1,"featured_media":0,"parent":0,"menu_order":2,"comment_status":"closed","ping_status":"closed","template":"","meta":[],"_links":{"self":[{"href":"http:\/\/officesturm.ch\/index.php\/wp-json\/wp\/v2\/pages\/54"}],"collection":[{"href":"http:\/\/officesturm.ch\/index.php\/wp-json\/wp\/v2\/pages"}],"about":[{"href":"http:\/\/officesturm.ch\/index.php\/wp-json\/wp\/v2\/types\/page"}],"author":[{"embeddable":true,"href":"http:\/\/officesturm.ch\/index.php\/wp-json\/wp\/v2\/users\/1"}],"replies":[{"embeddable":true,"href":"http:\/\/officesturm.ch\/index.php\/wp-json\/wp\/v2\/comments?post=54"}],"version-history":[{"count":7,"href":"http:\/\/officesturm.ch\/index.php\/wp-json\/wp\/v2\/pages\/54\/revisions"}],"predecessor-version":[{"id":161,"href":"http:\/\/officesturm.ch\/index.php\/wp-json\/wp\/v2\/pages\/54\/revisions\/161"}],"wp:attachment":[{"href":"http:\/\/officesturm.ch\/index.php\/wp-json\/wp\/v2\/media?parent=54"}],"curies":[{"name":"wp","href":"https:\/\/api.w.org\/{rel}","templated":true}]}}