{"id":47,"date":"2019-02-02T21:29:29","date_gmt":"2019-02-02T21:29:29","guid":{"rendered":"http:\/\/officesturm.ch\/?page_id=47"},"modified":"2019-02-03T06:48:03","modified_gmt":"2019-02-03T06:48:03","slug":"home","status":"publish","type":"page","link":"http:\/\/officesturm.ch\/","title":{"rendered":"Home"},"content":{"rendered":"\r\n<p><strong>Bleibt in Ihrem B\u00fcro alles stehen und liegen?<br \/>Office Sturm bringt frischen Wind in Ihr B\u00fcro.<\/strong><br \/><strong><br \/><\/strong>Haben Sie keine Zeit f\u00fcr das Administrative Ihres Betriebs? Ben\u00f6tigen Sie eine Vertretung auf Zeit? Brauchen Sie Entlastung oder Unterst\u00fctzung f\u00fcr Ihre Buchhaltung, Ihrer EDV-Projektplanung oder Immobilienbewirtschaftung? <br \/><br \/><strong>Dann sind Sie bei <a href=\"http:\/\/officesturm.ch\/index.php\/ueber-uns\/\">uns<\/a> genau richtig<\/strong>. Wir bieten <a href=\"http:\/\/officesturm.ch\/index.php\/dienstleistungen\/\">massgeschneiderte L\u00f6sungen<\/a> in den Bereichen Administration, Buchhaltung\/Rechnungswesen, Immobilienverwaltung und EDV-Projektplanung.<\/p>\r\n\r\n\r\n","protected":false},"excerpt":{"rendered":"<p>Bleibt in Ihrem B\u00fcro alles stehen und liegen?Office Sturm bringt frischen Wind in Ihr B\u00fcro.Haben Sie keine Zeit f\u00fcr das Administrative Ihres Betriebs? Ben\u00f6tigen Sie eine Vertretung auf Zeit? Brauchen Sie Entlastung oder Unterst\u00fctzung f\u00fcr Ihre Buchhaltung, Ihrer EDV-Projektplanung oder Immobilienbewirtschaftung? Dann sind Sie bei uns genau richtig. Wir bieten massgeschneiderte L\u00f6sungen in den Bereichen &hellip; <\/p>\n<p class=\"link-more\"><a href=\"http:\/\/officesturm.ch\/\" class=\"more-link\"><span class=\"screen-reader-text\">\u201eHome\u201c<\/span> weiterlesen<\/a><\/p>\n","protected":false},"author":1,"featured_media":0,"parent":0,"menu_order":0,"comment_status":"closed","ping_status":"closed","template":"","meta":[],"_links":{"self":[{"href":"http:\/\/officesturm.ch\/index.php\/wp-json\/wp\/v2\/pages\/47"}],"collection":[{"href":"http:\/\/officesturm.ch\/index.php\/wp-json\/wp\/v2\/pages"}],"about":[{"href":"http:\/\/officesturm.ch\/index.php\/wp-json\/wp\/v2\/types\/page"}],"author":[{"embeddable":true,"href":"http:\/\/officesturm.ch\/index.php\/wp-json\/wp\/v2\/users\/1"}],"replies":[{"embeddable":true,"href":"http:\/\/officesturm.ch\/index.php\/wp-json\/wp\/v2\/comments?post=47"}],"version-history":[{"count":5,"href":"http:\/\/officesturm.ch\/index.php\/wp-json\/wp\/v2\/pages\/47\/revisions"}],"predecessor-version":[{"id":138,"href":"http:\/\/officesturm.ch\/index.php\/wp-json\/wp\/v2\/pages\/47\/revisions\/138"}],"wp:attachment":[{"href":"http:\/\/officesturm.ch\/index.php\/wp-json\/wp\/v2\/media?parent=47"}],"curies":[{"name":"wp","href":"https:\/\/api.w.org\/{rel}","templated":true}]}}